{"id":10,"date":"2025-05-09T07:19:45","date_gmt":"2025-05-09T07:19:45","guid":{"rendered":"https:\/\/www.stiftunggutesleben.org\/?page_id=10"},"modified":"2025-05-09T07:21:54","modified_gmt":"2025-05-09T07:21:54","slug":"mitmachen","status":"publish","type":"page","link":"https:\/\/www.stiftunggutesleben.org\/index.php\/mitmachen\/","title":{"rendered":"Mitmachen"},"content":{"rendered":"\n<p><strong>Wie kann ich mich in die Gemeinschaftsstiftung Gutes Leben einbringen?<\/strong><br><strong>Dazu gibt es viele M\u00f6glichkeiten<\/strong>:<\/p>\n\n\n\n<p><strong>Als Stifter<em>in<\/em><\/strong><br><em>Stifter<\/em>innen bringen Geldbetr\u00e4ge oder andere Verm\u00f6genswerte in die Stiftung ein, die dann f\u00fcr die durch die Stiftungsorgane (Vorstand, Beirat etc) entwickelten Projekte<br>verwendet werden.<br><strong>Als Ideengeber<em>in<\/em><\/strong><br><em>Die Stiftung hat immer ein offenes Ohr f\u00fcr die Anliegen der Bev\u00f6lkerung und der Natur und freut sich, wenn diese aktiv eingebracht werden.<\/em><br><em><strong>Als Mitarbeitende<\/strong><\/em><br><em>Im Moment wird die Stiftung von einer Personengruppe ehrenamtlich aufgebaut. Bei einer erfolgreichen Etablierung wird sie ab einer bestimmten Gr\u00f6\u00dfe permanente Mitarbeiter<\/em>innen haben.<br><strong>Als ehrenamtliche Helfer*in<\/strong><br>Es wird Projekte und Initiativen geben, zu deren Umsetzung es die Hilfe durch ehren-<br>amtliche Personen braucht. Diese k\u00f6nnen sich je nach Interesse einbringen und das so<br>intensiv wie sie m\u00f6chten.<\/p>\n","protected":false},"excerpt":{"rendered":"<p>Wie kann ich mich in die Gemeinschaftsstiftung Gutes Leben einbringen?Dazu gibt es viele M\u00f6glichkeiten: Als StifterinStifterinnen bringen Geldbetr\u00e4ge oder andere Verm\u00f6genswerte in die Stiftung ein, die dann f\u00fcr die durch die Stiftungsorgane (Vorstand, Beirat etc) entwickelten Projekteverwendet werden.Als IdeengeberinDie Stiftung hat immer ein offenes Ohr f\u00fcr die Anliegen der Bev\u00f6lkerung und der Natur und freut &hellip; <\/p>\n<p class=\"link-more\"><a href=\"https:\/\/www.stiftunggutesleben.org\/index.php\/mitmachen\/\" class=\"more-link\"><span class=\"screen-reader-text\">\u201eMitmachen\u201c<\/span> weiterlesen<\/a><\/p>\n","protected":false},"author":1,"featured_media":0,"parent":0,"menu_order":0,"comment_status":"closed","ping_status":"closed","template":"","meta":{"footnotes":""},"class_list":["post-10","page","type-page","status-publish","hentry"],"_links":{"self":[{"href":"https:\/\/www.stiftunggutesleben.org\/index.php\/wp-json\/wp\/v2\/pages\/10","targetHints":{"allow":["GET"]}}],"collection":[{"href":"https:\/\/www.stiftunggutesleben.org\/index.php\/wp-json\/wp\/v2\/pages"}],"about":[{"href":"https:\/\/www.stiftunggutesleben.org\/index.php\/wp-json\/wp\/v2\/types\/page"}],"author":[{"embeddable":true,"href":"https:\/\/www.stiftunggutesleben.org\/index.php\/wp-json\/wp\/v2\/users\/1"}],"replies":[{"embeddable":true,"href":"https:\/\/www.stiftunggutesleben.org\/index.php\/wp-json\/wp\/v2\/comments?post=10"}],"version-history":[{"count":3,"href":"https:\/\/www.stiftunggutesleben.org\/index.php\/wp-json\/wp\/v2\/pages\/10\/revisions"}],"predecessor-version":[{"id":44,"href":"https:\/\/www.stiftunggutesleben.org\/index.php\/wp-json\/wp\/v2\/pages\/10\/revisions\/44"}],"wp:attachment":[{"href":"https:\/\/www.stiftunggutesleben.org\/index.php\/wp-json\/wp\/v2\/media?parent=10"}],"curies":[{"name":"wp","href":"https:\/\/api.w.org\/{rel}","templated":true}]}}