{"id":14,"date":"2025-05-09T07:14:41","date_gmt":"2025-05-09T07:14:41","guid":{"rendered":"https:\/\/www.stiftunggutesleben.org\/?page_id=14"},"modified":"2025-08-27T02:58:35","modified_gmt":"2025-08-27T02:58:35","slug":"gutes-leben","status":"publish","type":"page","link":"https:\/\/www.stiftunggutesleben.org\/index.php\/gutes-leben\/","title":{"rendered":"Gutes Leben"},"content":{"rendered":"\n<p><strong>Was verstehen wir unter<br>\u00bbGutes Leben\u00ab?<\/strong><br>\u00bbGutes Leben\u00ab bedeutet f\u00fcr uns, dass alle Menschen, Tiere und Pflanzen ein gl\u00fcckliches und erf\u00fclltes Leben bzw. Dasein haben, indem materielle, k\u00f6rperliche,seelische und geistige Umst\u00e4nde und Entwicklungen unterst\u00fctzte und gef\u00f6rdert und an die jeweiligen F\u00e4higkeiten und Bed\u00fcrfnisse angepasst werden. \u200bDas aus der indigenen Bev\u00f6lkerung stammende<br>\u00bbBuen Vivir\u00ab, wonach wir materiell im Einklang mit der Natur in ausreichender Versorgung leben k\u00f6nnen und das aus der japanischen Tradition stammende \u00bbIkigai\u00ab, das im geistig seelischen Bereich den Einklang mit dem Sein, Selbst und der Zufriedenheit bedeutet, geben hier Anhaltspunkte.<br><br>Die Stiftung Gutes Leben ist eine gemeinn\u00fctzige B\u00fcrgerstiftung bzw. Bundesstiftung nach dem Bundesstiftungs- und Fondsgesetz 2015, die \u00bbGutes Leben\u00ab f\u00fcr alle in Steyr und seinem weitl\u00e4ufigen Einzugsgebiet unterst\u00fctzen m\u00f6chte.<br>Die Stiftung wird von B\u00fcrgerInnen getragen und finanziert Projekte und Initiativen, die dem Gemeinwohl dienen.<br><\/p>\n","protected":false},"excerpt":{"rendered":"<p>Was verstehen wir unter\u00bbGutes Leben\u00ab?\u00bbGutes Leben\u00ab bedeutet f\u00fcr uns, dass alle Menschen, Tiere und Pflanzen ein gl\u00fcckliches und erf\u00fclltes Leben bzw. Dasein haben, indem materielle, k\u00f6rperliche,seelische und geistige Umst\u00e4nde und Entwicklungen unterst\u00fctzte und gef\u00f6rdert und an die jeweiligen F\u00e4higkeiten und Bed\u00fcrfnisse angepasst werden. \u200bDas aus der indigenen Bev\u00f6lkerung stammende\u00bbBuen Vivir\u00ab, wonach wir materiell im Einklang &hellip; <\/p>\n<p class=\"link-more\"><a href=\"https:\/\/www.stiftunggutesleben.org\/index.php\/gutes-leben\/\" class=\"more-link\"><span class=\"screen-reader-text\">\u201eGutes Leben\u201c<\/span> weiterlesen<\/a><\/p>\n","protected":false},"author":1,"featured_media":0,"parent":0,"menu_order":0,"comment_status":"closed","ping_status":"closed","template":"","meta":{"footnotes":""},"class_list":["post-14","page","type-page","status-publish","hentry"],"_links":{"self":[{"href":"https:\/\/www.stiftunggutesleben.org\/index.php\/wp-json\/wp\/v2\/pages\/14","targetHints":{"allow":["GET"]}}],"collection":[{"href":"https:\/\/www.stiftunggutesleben.org\/index.php\/wp-json\/wp\/v2\/pages"}],"about":[{"href":"https:\/\/www.stiftunggutesleben.org\/index.php\/wp-json\/wp\/v2\/types\/page"}],"author":[{"embeddable":true,"href":"https:\/\/www.stiftunggutesleben.org\/index.php\/wp-json\/wp\/v2\/users\/1"}],"replies":[{"embeddable":true,"href":"https:\/\/www.stiftunggutesleben.org\/index.php\/wp-json\/wp\/v2\/comments?post=14"}],"version-history":[{"count":9,"href":"https:\/\/www.stiftunggutesleben.org\/index.php\/wp-json\/wp\/v2\/pages\/14\/revisions"}],"predecessor-version":[{"id":127,"href":"https:\/\/www.stiftunggutesleben.org\/index.php\/wp-json\/wp\/v2\/pages\/14\/revisions\/127"}],"wp:attachment":[{"href":"https:\/\/www.stiftunggutesleben.org\/index.php\/wp-json\/wp\/v2\/media?parent=14"}],"curies":[{"name":"wp","href":"https:\/\/api.w.org\/{rel}","templated":true}]}}