{"id":141,"date":"2026-03-02T10:05:20","date_gmt":"2026-03-02T10:05:20","guid":{"rendered":"https:\/\/www.stiftunggutesleben.org\/?page_id=141"},"modified":"2026-03-02T10:08:26","modified_gmt":"2026-03-02T10:08:26","slug":"beruehren-und-beruehrt-werden","status":"publish","type":"page","link":"https:\/\/www.stiftunggutesleben.org\/index.php\/beruehren-und-beruehrt-werden\/","title":{"rendered":"Ber\u00fchren und ber\u00fchrt werden"},"content":{"rendered":"\n<p>Die Shiatsupraktikerinnen Maria Zotl und Christine Rath bringen mehr Achtsamkeit und Behutsamkeit durch Shiatsu-Ber\u00fchren f\u00fcr \u00e4ltere Menschen in Pflege und Altersheimen. Menschen, die in Alten- und Pflegeheimen leben, erfahren zwar t\u00e4glich Ber\u00fchrung im Zuge von K\u00f6rperhygiene und medizinischen Untersuchungen- doch auch wenn diese mit viel Achtsamkeit und Behutsamkeit erfolgt, erf\u00fcllt sie nicht unbedingt das eigene Ber\u00fchrungsbed\u00fcrfnis.<\/p>\n\n\n\n<p>Genau hier wollen wir mit Shiatsu ansetzen, und der Einsamkeit und Ber\u00fchrungsarmut in Alten- und<\/p>\n\n\n\n<p>Pflegeheimen entgegenwirken. Denn im Shiatsu wird der Menschen in seinem ganzen Wesen absichtslos ber\u00fchrt. Die Stiftung Gutes Leben will dieses Projekt unterst\u00fctzen.<\/p>\n\n\n\n<figure class=\"wp-block-image size-full\"><img loading=\"lazy\" decoding=\"async\" width=\"806\" height=\"620\" src=\"https:\/\/www.stiftunggutesleben.org\/wp-content\/uploads\/2026\/03\/shiatsu-altenheim.jpg\" alt=\"\" class=\"wp-image-139\" srcset=\"https:\/\/www.stiftunggutesleben.org\/wp-content\/uploads\/2026\/03\/shiatsu-altenheim.jpg 806w, https:\/\/www.stiftunggutesleben.org\/wp-content\/uploads\/2026\/03\/shiatsu-altenheim-300x231.jpg 300w, https:\/\/www.stiftunggutesleben.org\/wp-content\/uploads\/2026\/03\/shiatsu-altenheim-768x591.jpg 768w\" sizes=\"auto, (max-width: 767px) 89vw, (max-width: 1000px) 54vw, (max-width: 1071px) 543px, 580px\" \/><\/figure>\n","protected":false},"excerpt":{"rendered":"<p>Die Shiatsupraktikerinnen Maria Zotl und Christine Rath bringen mehr Achtsamkeit und Behutsamkeit durch Shiatsu-Ber\u00fchren f\u00fcr \u00e4ltere Menschen in Pflege und Altersheimen. Menschen, die in Alten- und Pflegeheimen leben, erfahren zwar t\u00e4glich Ber\u00fchrung im Zuge von K\u00f6rperhygiene und medizinischen Untersuchungen- doch auch wenn diese mit viel Achtsamkeit und Behutsamkeit erfolgt, erf\u00fcllt sie nicht unbedingt das eigene &hellip; <\/p>\n<p class=\"link-more\"><a href=\"https:\/\/www.stiftunggutesleben.org\/index.php\/beruehren-und-beruehrt-werden\/\" class=\"more-link\"><span class=\"screen-reader-text\">\u201eBer\u00fchren und ber\u00fchrt werden\u201c<\/span> weiterlesen<\/a><\/p>\n","protected":false},"author":1,"featured_media":0,"parent":0,"menu_order":0,"comment_status":"closed","ping_status":"closed","template":"","meta":{"footnotes":""},"class_list":["post-141","page","type-page","status-publish","hentry"],"_links":{"self":[{"href":"https:\/\/www.stiftunggutesleben.org\/index.php\/wp-json\/wp\/v2\/pages\/141","targetHints":{"allow":["GET"]}}],"collection":[{"href":"https:\/\/www.stiftunggutesleben.org\/index.php\/wp-json\/wp\/v2\/pages"}],"about":[{"href":"https:\/\/www.stiftunggutesleben.org\/index.php\/wp-json\/wp\/v2\/types\/page"}],"author":[{"embeddable":true,"href":"https:\/\/www.stiftunggutesleben.org\/index.php\/wp-json\/wp\/v2\/users\/1"}],"replies":[{"embeddable":true,"href":"https:\/\/www.stiftunggutesleben.org\/index.php\/wp-json\/wp\/v2\/comments?post=141"}],"version-history":[{"count":2,"href":"https:\/\/www.stiftunggutesleben.org\/index.php\/wp-json\/wp\/v2\/pages\/141\/revisions"}],"predecessor-version":[{"id":144,"href":"https:\/\/www.stiftunggutesleben.org\/index.php\/wp-json\/wp\/v2\/pages\/141\/revisions\/144"}],"wp:attachment":[{"href":"https:\/\/www.stiftunggutesleben.org\/index.php\/wp-json\/wp\/v2\/media?parent=141"}],"curies":[{"name":"wp","href":"https:\/\/api.w.org\/{rel}","templated":true}]}}