{"id":145,"date":"2026-03-02T10:09:58","date_gmt":"2026-03-02T10:09:58","guid":{"rendered":"https:\/\/www.stiftunggutesleben.org\/?page_id=145"},"modified":"2026-03-02T10:09:58","modified_gmt":"2026-03-02T10:09:58","slug":"politik-und-klimawandel","status":"publish","type":"page","link":"https:\/\/www.stiftunggutesleben.org\/index.php\/politik-und-klimawandel\/","title":{"rendered":"Politik und Klimawandel"},"content":{"rendered":"\n<p>\u00d6sterreichische Staatsb\u00fcrger d\u00fcrfen mit dem Alter von 16 Jahren zum ersten mal einen Stimmzettel in die Wahlurne werfen. Viele haben jedoch wenig pers\u00f6nliche Erfahrung und Wissen wie politische Mitbestimmung in einer Demokratie funktioniert. Am Beispiel des Klimawandels soll im Rahmen von<\/p>\n\n\n\n<p>3 Projekttagen an Steyrer Schulklassen, mit Sch\u00fclern im Alter von 15 bis 17 Jahren, erfahrbar gemacht werden, wie sie politisch wirksam werden k\u00f6nnen. Das betrifft Ma\u00dfnahmen zur Entschleunigung des Klimawandels als auch zur Minderung der Folgewirkungen (Unwetter, Trockenperioden, etc.). Ziel ist die Selbstwirksamkeit der Jugendlichen zu st\u00e4rken und das Gef\u00fchl der Ohnmacht abzuschw\u00e4chen.<\/p>\n\n\n\n<p>Wir, unter Federf\u00fchrung von Josef Faderl und Barbara Simetzberger, entwickelten einen ZWEISTUFIGEN Ansatz zur Konzeptierung dieser Projekttage. Sch\u00fcler der 11\u2018ten oder 12\u2018ten Schulstufe erarbeiten ein Konzept f\u00fcr Projekttage von Sch\u00fclern der 9\u2018ten oder 10\u2018ten Schulstufe. Dieses Konzept soll im Rahmen von Diplomarbeiten, Wahlpflichtgegenst\u00e4nden oder auch dem Regelunterricht der Sch\u00fcler der 11\u2018ten oder 12\u2018ten Schulstufe in Zusammenarbeit mit den Lehrern und Experten erfolgen. Ziel ist ansprechende altersgerechte Aktivit\u00e4ten wie Workshops, Rollenspiele und Exkursionen zu schaffen.<\/p>\n\n\n\n<p>Die bisherigen Gespr\u00e4che mit den Lehrern und Direktionen der Schulen in Steyr (HAK, BG, BAfEP, HTL) zeigen, dass Interesse zur Umsetzung des Projektes gegeben ist. Es ist jedoch f\u00fcr die Lehrer logistisch sehr herausfordernd, sich die (Zeit)R\u00e4ume daf\u00fcr frei zu machen. Im J\u00e4nner folgen noch die Gespr\u00e4chstermine mit dem BRG und der HLW. An der HAK-Steyr wird es mit hoher Wahrscheinlichkeit ab dem Sommersemester 2026 im Rahmen einer Diplomarbeit ein erstes Pilotprojekt f\u00fcr die erste Stufe, die Konzeptionierung der Projekttage, geben.<\/p>\n","protected":false},"excerpt":{"rendered":"<p>\u00d6sterreichische Staatsb\u00fcrger d\u00fcrfen mit dem Alter von 16 Jahren zum ersten mal einen Stimmzettel in die Wahlurne werfen. Viele haben jedoch wenig pers\u00f6nliche Erfahrung und Wissen wie politische Mitbestimmung in einer Demokratie funktioniert. Am Beispiel des Klimawandels soll im Rahmen von 3 Projekttagen an Steyrer Schulklassen, mit Sch\u00fclern im Alter von 15 bis 17 Jahren, &hellip; <\/p>\n<p class=\"link-more\"><a href=\"https:\/\/www.stiftunggutesleben.org\/index.php\/politik-und-klimawandel\/\" class=\"more-link\"><span class=\"screen-reader-text\">\u201ePolitik und Klimawandel\u201c<\/span> weiterlesen<\/a><\/p>\n","protected":false},"author":1,"featured_media":0,"parent":0,"menu_order":0,"comment_status":"closed","ping_status":"closed","template":"","meta":{"footnotes":""},"class_list":["post-145","page","type-page","status-publish","hentry"],"_links":{"self":[{"href":"https:\/\/www.stiftunggutesleben.org\/index.php\/wp-json\/wp\/v2\/pages\/145","targetHints":{"allow":["GET"]}}],"collection":[{"href":"https:\/\/www.stiftunggutesleben.org\/index.php\/wp-json\/wp\/v2\/pages"}],"about":[{"href":"https:\/\/www.stiftunggutesleben.org\/index.php\/wp-json\/wp\/v2\/types\/page"}],"author":[{"embeddable":true,"href":"https:\/\/www.stiftunggutesleben.org\/index.php\/wp-json\/wp\/v2\/users\/1"}],"replies":[{"embeddable":true,"href":"https:\/\/www.stiftunggutesleben.org\/index.php\/wp-json\/wp\/v2\/comments?post=145"}],"version-history":[{"count":1,"href":"https:\/\/www.stiftunggutesleben.org\/index.php\/wp-json\/wp\/v2\/pages\/145\/revisions"}],"predecessor-version":[{"id":146,"href":"https:\/\/www.stiftunggutesleben.org\/index.php\/wp-json\/wp\/v2\/pages\/145\/revisions\/146"}],"wp:attachment":[{"href":"https:\/\/www.stiftunggutesleben.org\/index.php\/wp-json\/wp\/v2\/media?parent=145"}],"curies":[{"name":"wp","href":"https:\/\/api.w.org\/{rel}","templated":true}]}}