{"id":148,"date":"2026-03-02T10:19:22","date_gmt":"2026-03-02T10:19:22","guid":{"rendered":"https:\/\/www.stiftunggutesleben.org\/?page_id=148"},"modified":"2026-03-02T10:19:22","modified_gmt":"2026-03-02T10:19:22","slug":"weltklimaspiel","status":"publish","type":"page","link":"https:\/\/www.stiftunggutesleben.org\/index.php\/weltklimaspiel\/","title":{"rendered":"Weltklimaspiel"},"content":{"rendered":"\n<p><br>Die Weitblick GmbH hat sich vor 11 Jahren aus einer Stiftung entwickelt. Sie hat das Ziel Pr\u00e4ventionsarbeit zur Minderung psychosozialer Belastungen von Kindern und Jugendlichen zu leisten. Das von der Weitblick GmbH entwickelte Weltklimaspiel zeigt spielerisch Antworten auf die \u00f6kologischen Herausforderungen unserer Gegenwart auf. In 3 Tagen erfahren die 12 Fraktionen (Unternehmen, Politik, \u2026) mit dem App-gest\u00fctzten Rollenspiel und dem Spielbrett, wie sich wirtschaftliche und soziale Entscheidungen auf Basis wissenschaftlicher Zusammenh\u00e4nge auf das Klima und auf die Gesellschaft auswirken. Das Spiel behandelt komplexe Abh\u00e4ngigkeiten, mit denen Regierungen und die Zivilgesellschaft konfrontiert sind. Es macht aber auch Mut und zeigt auf, dass es L\u00f6sungswege gibt. Die Stiftung Gutes Leben m\u00f6chte diese Erfahrungen an Sch\u00fcler und Erwachsene im Rahmen \u00f6ffentlicher oder schulischer Veranstaltungen heranbringen. Das Weltklimaspiel wurde von Ursula Kopp eingebracht und wird federf\u00fchrend von Josef Faderl, in Zusammenarbeit mit der Weitblick GmbH, im Raum Steyr eingef\u00fchrt. In Zusammenarbeit mit dem SPES in Schlierbach und der Weitblick GmbH ist auch eine Erweiterung des dreit\u00e4gigen Spiels, um ein zus\u00e4tzliches Modul mit starkem lokalen Bezug, geplant.<\/p>\n\n\n\n<figure class=\"wp-block-image size-full\"><img loading=\"lazy\" decoding=\"async\" width=\"245\" height=\"281\" src=\"https:\/\/www.stiftunggutesleben.org\/wp-content\/uploads\/2026\/03\/weltklimaspiel.jpg\" alt=\"\" class=\"wp-image-149\"\/><\/figure>\n","protected":false},"excerpt":{"rendered":"<p>Die Weitblick GmbH hat sich vor 11 Jahren aus einer Stiftung entwickelt. Sie hat das Ziel Pr\u00e4ventionsarbeit zur Minderung psychosozialer Belastungen von Kindern und Jugendlichen zu leisten. Das von der Weitblick GmbH entwickelte Weltklimaspiel zeigt spielerisch Antworten auf die \u00f6kologischen Herausforderungen unserer Gegenwart auf. In 3 Tagen erfahren die 12 Fraktionen (Unternehmen, Politik, \u2026) mit &hellip; <\/p>\n<p class=\"link-more\"><a href=\"https:\/\/www.stiftunggutesleben.org\/index.php\/weltklimaspiel\/\" class=\"more-link\"><span class=\"screen-reader-text\">\u201eWeltklimaspiel\u201c<\/span> weiterlesen<\/a><\/p>\n","protected":false},"author":1,"featured_media":0,"parent":0,"menu_order":0,"comment_status":"closed","ping_status":"closed","template":"","meta":{"footnotes":""},"class_list":["post-148","page","type-page","status-publish","hentry"],"_links":{"self":[{"href":"https:\/\/www.stiftunggutesleben.org\/index.php\/wp-json\/wp\/v2\/pages\/148","targetHints":{"allow":["GET"]}}],"collection":[{"href":"https:\/\/www.stiftunggutesleben.org\/index.php\/wp-json\/wp\/v2\/pages"}],"about":[{"href":"https:\/\/www.stiftunggutesleben.org\/index.php\/wp-json\/wp\/v2\/types\/page"}],"author":[{"embeddable":true,"href":"https:\/\/www.stiftunggutesleben.org\/index.php\/wp-json\/wp\/v2\/users\/1"}],"replies":[{"embeddable":true,"href":"https:\/\/www.stiftunggutesleben.org\/index.php\/wp-json\/wp\/v2\/comments?post=148"}],"version-history":[{"count":1,"href":"https:\/\/www.stiftunggutesleben.org\/index.php\/wp-json\/wp\/v2\/pages\/148\/revisions"}],"predecessor-version":[{"id":150,"href":"https:\/\/www.stiftunggutesleben.org\/index.php\/wp-json\/wp\/v2\/pages\/148\/revisions\/150"}],"wp:attachment":[{"href":"https:\/\/www.stiftunggutesleben.org\/index.php\/wp-json\/wp\/v2\/media?parent=148"}],"curies":[{"name":"wp","href":"https:\/\/api.w.org\/{rel}","templated":true}]}}