{"id":152,"date":"2026-03-02T10:22:13","date_gmt":"2026-03-02T10:22:13","guid":{"rendered":"https:\/\/www.stiftunggutesleben.org\/?page_id=152"},"modified":"2026-03-02T10:22:13","modified_gmt":"2026-03-02T10:22:13","slug":"ort-fuer-alle-religionen","status":"publish","type":"page","link":"https:\/\/www.stiftunggutesleben.org\/index.php\/ort-fuer-alle-religionen\/","title":{"rendered":"Ort f\u00fcr alle Religionen"},"content":{"rendered":"\n<p>Umnutzung der Kapelle in der Schl\u00fchslmayrstrasse Steyr.<\/p>\n\n\n\n<p>Diese Kapelle soll als Ort f\u00fcr alle Religionen eine neue Bedeutung bekommen. Sie liegt an der Schl\u00fchslmayrstra\u00dfe und wird von der Stiftung Gutes Leben aus einer Erbschaft \u00fcbernommen, nachdem die Kirche, das Denkmalamt oder die Stadt, kein Interesse an der \u00dcbernahme der Kapelle gezeigt haben. Die \u00dcbernahme erfolgt durch eine Schenkung der Kapelle samt einem Betrag von 50.000,-\u20ac. \u200b Die Stiftung plant, die Kapelle als \u201eOrt f\u00fcr Alle Religionen\u201c zu widmen und umzugestalten. Der Prozess dazu soll ein \u201eFriedensprojekt\u201c sein, mit dem Ziel, den Austausch und das Gespr\u00e4ch zwischen den Religionen zu suchen und<\/p>\n\n\n\n<p>zu f\u00f6rdern. Dieser Ort soll sich damit als Symbol f\u00fcr viele Anschauungen, aber auch wesentliche gemeinsame Werte, manifestieren. K\u00fcnstler werden f\u00fcr eine tempor\u00e4re Installation und zur Endgestaltung beigezogen. \u200b Ziel ist es, diesen Ort als kulturelles und religi\u00f6ses Zentrum f\u00fcr die etwa 13 Glaubensgemeinschaften in Steyr zu etablieren.<\/p>\n\n\n\n<figure class=\"wp-block-image size-full\"><img loading=\"lazy\" decoding=\"async\" width=\"458\" height=\"724\" src=\"https:\/\/www.stiftunggutesleben.org\/wp-content\/uploads\/2026\/03\/kapelle.jpg\" alt=\"\" class=\"wp-image-153\" srcset=\"https:\/\/www.stiftunggutesleben.org\/wp-content\/uploads\/2026\/03\/kapelle.jpg 458w, https:\/\/www.stiftunggutesleben.org\/wp-content\/uploads\/2026\/03\/kapelle-190x300.jpg 190w\" sizes=\"auto, (max-width: 458px) 100vw, 458px\" \/><\/figure>\n","protected":false},"excerpt":{"rendered":"<p>Umnutzung der Kapelle in der Schl\u00fchslmayrstrasse Steyr. Diese Kapelle soll als Ort f\u00fcr alle Religionen eine neue Bedeutung bekommen. Sie liegt an der Schl\u00fchslmayrstra\u00dfe und wird von der Stiftung Gutes Leben aus einer Erbschaft \u00fcbernommen, nachdem die Kirche, das Denkmalamt oder die Stadt, kein Interesse an der \u00dcbernahme der Kapelle gezeigt haben. Die \u00dcbernahme erfolgt &hellip; <\/p>\n<p class=\"link-more\"><a href=\"https:\/\/www.stiftunggutesleben.org\/index.php\/ort-fuer-alle-religionen\/\" class=\"more-link\"><span class=\"screen-reader-text\">\u201eOrt f\u00fcr alle Religionen\u201c<\/span> weiterlesen<\/a><\/p>\n","protected":false},"author":1,"featured_media":0,"parent":0,"menu_order":0,"comment_status":"closed","ping_status":"closed","template":"","meta":{"footnotes":""},"class_list":["post-152","page","type-page","status-publish","hentry"],"_links":{"self":[{"href":"https:\/\/www.stiftunggutesleben.org\/index.php\/wp-json\/wp\/v2\/pages\/152","targetHints":{"allow":["GET"]}}],"collection":[{"href":"https:\/\/www.stiftunggutesleben.org\/index.php\/wp-json\/wp\/v2\/pages"}],"about":[{"href":"https:\/\/www.stiftunggutesleben.org\/index.php\/wp-json\/wp\/v2\/types\/page"}],"author":[{"embeddable":true,"href":"https:\/\/www.stiftunggutesleben.org\/index.php\/wp-json\/wp\/v2\/users\/1"}],"replies":[{"embeddable":true,"href":"https:\/\/www.stiftunggutesleben.org\/index.php\/wp-json\/wp\/v2\/comments?post=152"}],"version-history":[{"count":1,"href":"https:\/\/www.stiftunggutesleben.org\/index.php\/wp-json\/wp\/v2\/pages\/152\/revisions"}],"predecessor-version":[{"id":154,"href":"https:\/\/www.stiftunggutesleben.org\/index.php\/wp-json\/wp\/v2\/pages\/152\/revisions\/154"}],"wp:attachment":[{"href":"https:\/\/www.stiftunggutesleben.org\/index.php\/wp-json\/wp\/v2\/media?parent=152"}],"curies":[{"name":"wp","href":"https:\/\/api.w.org\/{rel}","templated":true}]}}