{"id":17,"date":"2025-05-09T08:27:40","date_gmt":"2025-05-09T08:27:40","guid":{"rendered":"https:\/\/www.stiftunggutesleben.org\/?page_id=17"},"modified":"2026-03-02T10:36:00","modified_gmt":"2026-03-02T10:36:00","slug":"impressum","status":"publish","type":"page","link":"https:\/\/www.stiftunggutesleben.org\/index.php\/impressum\/","title":{"rendered":"Impressum"},"content":{"rendered":"\n<p>Verein f\u00fcr Gemeinwohl und Gutes Leben gr\u00fcndet die<br><strong>STIFTUNG GUTES LEBEN<\/strong> i.Gr.<br><strong>Obmann:<\/strong> Hermann Proyer<br><strong>ObmannStv.: <\/strong>G\u00fcnter Peinhaupt<br><strong>Kassier:<\/strong> Josef Faderl<br><strong>Kassier Stv.:<\/strong> Barbara Simetzberger<br><strong>Schriftf\u00fchrerin:<\/strong> Ursula Kopp<br>Kontakt: <a href=\"mailto:kontakt@stiftunggutesleben.org\">kontakt@stiftunggutesleben.org<\/a><br>Stiftungssitz Wien, 1050<br>Adresse Stiftung&amp;Verein:<br>Schl\u00fchslmayrstrasse 56<br>4400 Steyr<br><br><strong>Finanzielle Unterst\u00fctzungen:<\/strong><br>Raiba Ennstal AT42 3408 0000 0202 0204<br>Kontoinhaber: <br>Verein f\u00fcr Gemeinwohl und gutes Leben (zuk\u00fcnftig STIFTUNG GUTES LEBEN)<br>Verwendungszweck:<br>STIFTUNGSKAPITAL Stiftung Gutes Leben (i.Gr.)oder SPENDE Stiftung Gutes Leben (i.Gr)<br><br>Bildnachweis Titelseite \u201eErich Spindler, Menschenbilder, Privatsammlung\u201c<br><\/p>\n","protected":false},"excerpt":{"rendered":"<p>Verein f\u00fcr Gemeinwohl und Gutes Leben gr\u00fcndet dieSTIFTUNG GUTES LEBEN i.Gr.Obmann: Hermann ProyerObmannStv.: G\u00fcnter PeinhauptKassier: Josef FaderlKassier Stv.: Barbara SimetzbergerSchriftf\u00fchrerin: Ursula KoppKontakt: kontakt@stiftunggutesleben.orgStiftungssitz Wien, 1050Adresse Stiftung&amp;Verein:Schl\u00fchslmayrstrasse 564400 Steyr Finanzielle Unterst\u00fctzungen:Raiba Ennstal AT42 3408 0000 0202 0204Kontoinhaber: Verein f\u00fcr Gemeinwohl und gutes Leben (zuk\u00fcnftig STIFTUNG GUTES LEBEN)Verwendungszweck:STIFTUNGSKAPITAL Stiftung Gutes Leben (i.Gr.)oder SPENDE Stiftung Gutes Leben (i.Gr) &hellip; <\/p>\n<p class=\"link-more\"><a href=\"https:\/\/www.stiftunggutesleben.org\/index.php\/impressum\/\" class=\"more-link\"><span class=\"screen-reader-text\">\u201eImpressum\u201c<\/span> weiterlesen<\/a><\/p>\n","protected":false},"author":1,"featured_media":0,"parent":0,"menu_order":0,"comment_status":"closed","ping_status":"closed","template":"","meta":{"footnotes":""},"class_list":["post-17","page","type-page","status-publish","hentry"],"_links":{"self":[{"href":"https:\/\/www.stiftunggutesleben.org\/index.php\/wp-json\/wp\/v2\/pages\/17","targetHints":{"allow":["GET"]}}],"collection":[{"href":"https:\/\/www.stiftunggutesleben.org\/index.php\/wp-json\/wp\/v2\/pages"}],"about":[{"href":"https:\/\/www.stiftunggutesleben.org\/index.php\/wp-json\/wp\/v2\/types\/page"}],"author":[{"embeddable":true,"href":"https:\/\/www.stiftunggutesleben.org\/index.php\/wp-json\/wp\/v2\/users\/1"}],"replies":[{"embeddable":true,"href":"https:\/\/www.stiftunggutesleben.org\/index.php\/wp-json\/wp\/v2\/comments?post=17"}],"version-history":[{"count":8,"href":"https:\/\/www.stiftunggutesleben.org\/index.php\/wp-json\/wp\/v2\/pages\/17\/revisions"}],"predecessor-version":[{"id":162,"href":"https:\/\/www.stiftunggutesleben.org\/index.php\/wp-json\/wp\/v2\/pages\/17\/revisions\/162"}],"wp:attachment":[{"href":"https:\/\/www.stiftunggutesleben.org\/index.php\/wp-json\/wp\/v2\/media?parent=17"}],"curies":[{"name":"wp","href":"https:\/\/api.w.org\/{rel}","templated":true}]}}