{"id":7,"date":"2025-05-09T07:46:41","date_gmt":"2025-05-09T07:46:41","guid":{"rendered":"https:\/\/www.stiftunggutesleben.org\/?page_id=7"},"modified":"2025-05-09T08:20:20","modified_gmt":"2025-05-09T08:20:20","slug":"projekte","status":"publish","type":"page","link":"https:\/\/www.stiftunggutesleben.org\/index.php\/projekte\/","title":{"rendered":"Projekte"},"content":{"rendered":"\n<p>Du hast zu einem der Themen eine Idee, m\u00f6chtest Dich einbringen oder m\u00f6chtest ein Projekt initiieren? Melde Dich bei uns?<br><a href=\"mailto:projekte@stiftungutesleben.org\">projekte@stiftungutesleben.org<\/a><\/p>\n\n\n\n<ol class=\"wp-block-list\"><\/ol>\n\n\n\n<p><strong>Radwerkstatt an Schulen<\/strong><br>Projektziel ist es, das Mobilit\u00e4tsverhalten von Sch\u00fclerinnen zu ver\u00e4ndern und einen Beitrag zu Umweltschutz und Nachhaltigkeit zu leisten. Ein Pilotprojekt wurde in der NMS Steyr M\u00fcnichholz durchgef\u00fchrt:<br>In einer Radwerkstatt direkt in der Schule konnten die Sch\u00fclerinnen lernen, wie man Fahrr\u00e4der repariert. Kinder, die keine Fahrr\u00e4der besitzen, wurden mit Fahrr\u00e4dern ausgestattet, die von Entsorgungsstellen stammten. Die Radnutzung im Schulalltag hat sich bereits wahrnehmbar gesteigert und die Schule hat die Stadt Steyr<br>bereits zu einer Zusage bewogen, einen Radweg zur zu bauen.<br>Status: ausgef\u00fchrt.<br>Kontakt: G\u00fcnter Briedl, NMS M\u00fcnichholz.<br>In zwei weiteren Schulen in Steyr gibt es Interesse, das Projekt Radwerkstatt zu<br>\u00fcbernehmen. F\u00f6rderungen wurden beantragt.<\/p>\n\n\n\n<p><strong>Deutschf\u00f6rderkurse mit Fahrtunterst\u00fctzung Steyr-Land \u2013 Steyr<\/strong><br>Caritas\/Volkshilfe bieten in Steyr Deutsch F\u00f6rderkurse f\u00fcr Asylwerber und Migrant*innen an. Viele k\u00f6nnen sich aber die Kurskosten von \u20ac 575,\u2013 plus Fahrtkosten \u2013 die aus Steyr Umland betr\u00e4chtlich sein k\u00f6nnen \u2013 nicht finanzieren. Wenn Asylsuchende nicht ausreichend Deutsch k\u00f6nnen, erschwert das vor dem Bescheid und Asylstatus die Arbeitssuche. Wenn bereits Asylstatus besteht, aber aufgrund der unzureichenden Deutschkenntnisse keine Arbeit gefunden wird \u2013 gilt auch f\u00fcr Migrant*innen\u2013 bedeutet das einen Zeitverlust, der nicht nur die Person selbst belastet, sondern auch erschwert, dass der Arbeitskr\u00e4ftemangel besonders in der l\u00e4ndlichen Region gemildert wird.<br>Status: F\u00f6rderung eingereicht beim BMfLW mit Volkshilfe und<br>Caritas O\u00d6 \u2013 Bezirksstelle Steyr (abgelehnt)<\/p>\n\n\n\n<p><strong>Willkommens-Hub Steyr<\/strong><br>Neu ankommende Menschen aus anderen Teilen \u00d6sterreichs, aus Europa, aus der ganzen<br>Welt werden durch Menschen, die in Steyr und Umgebung leben (\u201eBuddy\u201c) pers\u00f6nlich<br>\u201eWillkommen\u201c gehei\u00dfen und finden im Willkommens-Hub Basisinformationen zu Wohnung, Versorgung, Infrastruktur uvm. Der Buddy unterst\u00fctzt auch bei Wohnungssuche, Beh\u00f6rdeng\u00e4ngen, Gesundheitsdiensten und sozialen Kontakten. In Folge k\u00f6nnte daraus ein Community Center als Treffpunkt f\u00fcr Neuankommende und bereits hier lebende Menschen entstehen, das verschiedene Aktivit\u00e4ten zur F\u00f6rderung der Gemeinschaft und des interkulturellen Dialogs anbietet. Status: in Vorbereitung mit Industrie, Gewerbe und Stadt Steyr.<\/p>\n\n\n\n<p><strong>Unterst\u00fctzung des Radl-Sonntags<\/strong><br>Der Radlsonntag ist ein gemeinschaftliches Projekt der ehrenamtlichen \u00fcberparteilichen<br>B\u00fcrgerinitiative \u00bbRad. Bahn. Fluss \u2013 Initiative f\u00fcr aktive und \u00f6ffentliche Mobilit\u00e4t im Ennstal\u00ab mit 9 Teilnehmergemeinden zwischen Steyr und Weyer. Am 6. Juli 2025 findet die j\u00e4hrlich wiederkehrende Veranstaltung heuer zum 3. Mal statt. Auf der gesamten Strecke gibt es Aktivit\u00e4ten, Challenges, Kulinarik, eine Familienfahrt und eine Verlosung auf der Hauptb\u00fchne in Ternberg. Eine weitere Besonderheit ist die Freifahrt mit der Bahn bei Anmeldung, die Transportkapazit\u00e4ten f\u00fcr R\u00e4der sind an diesem Tag verdreifacht. Ziel ist es, auf Radfahrm\u00f6glichkeiten in Kombination mit der Bahn aufmerksam zu machen, das Alltagsradfahren zu promoten sowie Kinder, Familien und Erwachsene zum Radfahren zu motivieren. Die Anfangsphase wurde durch Leader gef\u00f6rdert. Die Stiftung Gutes Leben m\u00f6chte dazu beitragen, dass der Radlsonntag ein fixer j\u00e4hrlicher Bestandteil bleibt und die Initiative ausgebaut werden kann.<br>Kontakt: Petra Wallentin<\/p>\n\n\n\n<p><strong>Share-Food-Restaurant und Verteilstelle<\/strong><br>M\u00f6glichkeiten f\u00fcr die Umverteilung von Lebensmitteln, die nicht verbraucht wurden<br>schaffen, insbesondere an Menschen in prek\u00e4ren Lebenssituationen. Z.B. \u00fcber eine zentrale Verteilstelle oder ein Restaurant, das die Lebensmittel zu einfachen und g\u00fcnstigen Mittag oder Abendessen verarbeitet.<br>Status: Konzeption<\/p>\n\n\n\n<p><strong>Bildungsprojekt Politik und Klima<\/strong><br>Wir m\u00f6chten mit Sch\u00fcler*innen der h\u00f6heren Schulstufen in Kontakt kommen, um das<br>Thema Klimaschutz zu diskutieren, Bewusstsein zu bilden, ihre politische Mitsprache zu<br>f\u00f6rdern und sie in Projekte einbeziehen.<br>Status: in Vorbereitung<\/p>\n\n\n\n<ol start=\"7\" class=\"wp-block-list\"><\/ol>\n\n\n\n<p><strong>Regional- und Kreislaufm\u00e4rkte<\/strong><br>Am Steyrer Stadtplatz k\u00f6nnte regelm\u00e4\u00dfige<br>\u00bbRegional- und Kreislaufm\u00e4rkte\u00ab stattfinden, wo B\u00fcrger<em>innen ihre hochwertigen gebrauchten Dinge und Handwerker<\/em>innen aus der Region ihre Waren anbieten \u2013 jeweils zu<br>einem bestimmten Thema, z.B. \u00bbHaushalt &amp; Geschirr-Markt\u00ab, \u00bbFilm &amp; Foto-Markt\u00ab.<br>Status: in Konzeption<\/p>\n","protected":false},"excerpt":{"rendered":"<p>Du hast zu einem der Themen eine Idee, m\u00f6chtest Dich einbringen oder m\u00f6chtest ein Projekt initiieren? Melde Dich bei uns?projekte@stiftungutesleben.org Radwerkstatt an SchulenProjektziel ist es, das Mobilit\u00e4tsverhalten von Sch\u00fclerinnen zu ver\u00e4ndern und einen Beitrag zu Umweltschutz und Nachhaltigkeit zu leisten. Ein Pilotprojekt wurde in der NMS Steyr M\u00fcnichholz durchgef\u00fchrt:In einer Radwerkstatt direkt in der Schule &hellip; <\/p>\n<p class=\"link-more\"><a href=\"https:\/\/www.stiftunggutesleben.org\/index.php\/projekte\/\" class=\"more-link\"><span class=\"screen-reader-text\">\u201eProjekte\u201c<\/span> weiterlesen<\/a><\/p>\n","protected":false},"author":1,"featured_media":0,"parent":0,"menu_order":0,"comment_status":"closed","ping_status":"closed","template":"","meta":{"footnotes":""},"class_list":["post-7","page","type-page","status-publish","hentry"],"_links":{"self":[{"href":"https:\/\/www.stiftunggutesleben.org\/index.php\/wp-json\/wp\/v2\/pages\/7","targetHints":{"allow":["GET"]}}],"collection":[{"href":"https:\/\/www.stiftunggutesleben.org\/index.php\/wp-json\/wp\/v2\/pages"}],"about":[{"href":"https:\/\/www.stiftunggutesleben.org\/index.php\/wp-json\/wp\/v2\/types\/page"}],"author":[{"embeddable":true,"href":"https:\/\/www.stiftunggutesleben.org\/index.php\/wp-json\/wp\/v2\/users\/1"}],"replies":[{"embeddable":true,"href":"https:\/\/www.stiftunggutesleben.org\/index.php\/wp-json\/wp\/v2\/comments?post=7"}],"version-history":[{"count":12,"href":"https:\/\/www.stiftunggutesleben.org\/index.php\/wp-json\/wp\/v2\/pages\/7\/revisions"}],"predecessor-version":[{"id":60,"href":"https:\/\/www.stiftunggutesleben.org\/index.php\/wp-json\/wp\/v2\/pages\/7\/revisions\/60"}],"wp:attachment":[{"href":"https:\/\/www.stiftunggutesleben.org\/index.php\/wp-json\/wp\/v2\/media?parent=7"}],"curies":[{"name":"wp","href":"https:\/\/api.w.org\/{rel}","templated":true}]}}